{"id":5553,"date":"2014-11-07T09:21:21","date_gmt":"2014-11-07T08:21:21","guid":{"rendered":"http:\/\/www.grandesterresbio.com\/?page_id=5553"},"modified":"2020-10-15T10:15:28","modified_gmt":"2020-10-15T09:15:28","slug":"accueil","status":"publish","type":"page","link":"https:\/\/claire-jannot.com\/","title":{"rendered":"Bienvenue !"},"content":{"rendered":"\n<p>Mille et une promenades pour d\u00e9couvrir les secrets de l&rsquo;univers de l&rsquo;illustration et de la sculpture !<\/p>\n\n\n\n<p>En prime, pour les fous d&rsquo;info, une revue de presse internationale qui a tenu le top de Twitter pendant 2 minutes et a provoqu\u00e9 des sc\u00e8nes d&rsquo;hyst\u00e9rie collective sur des sujets aussi diff\u00e9rents que la culture, l&rsquo;\u00e9cologie ou l&rsquo;architecture&#8230; les renards sont m\u00eame sortis de leur cachette, c&rsquo;est pour dire. <\/p>\n\n\n\n<figure class=\"wp-block-image\"><img data-recalc-dims=\"1\" loading=\"lazy\" decoding=\"async\" width=\"640\" height=\"978\" src=\"https:\/\/i0.wp.com\/claire-jannot.com\/wp-content\/uploads\/2020\/10\/sykewip-670x1024.jpg?resize=640%2C978&#038;ssl=1\" alt=\"\" class=\"wp-image-7779\" srcset=\"https:\/\/i0.wp.com\/claire-jannot.com\/wp-content\/uploads\/2020\/10\/sykewip.jpg?resize=670%2C1024&amp;ssl=1 670w, https:\/\/i0.wp.com\/claire-jannot.com\/wp-content\/uploads\/2020\/10\/sykewip.jpg?resize=196%2C300&amp;ssl=1 196w, https:\/\/i0.wp.com\/claire-jannot.com\/wp-content\/uploads\/2020\/10\/sykewip.jpg?resize=768%2C1173&amp;ssl=1 768w, https:\/\/i0.wp.com\/claire-jannot.com\/wp-content\/uploads\/2020\/10\/sykewip.jpg?w=1058&amp;ssl=1 1058w\" sizes=\"auto, (max-width: 640px) 100vw, 640px\" \/><\/figure>\n","protected":false},"excerpt":{"rendered":"<p>Mille et une promenades pour d\u00e9couvrir les secrets de l&rsquo;univers de l&rsquo;illustration et de la sculpture ! En prime, pour les fous d&rsquo;info, une revue de presse internationale qui a tenu le top de Twitter pendant 2 minutes et a &hellip; <a href=\"https:\/\/claire-jannot.com\/\">Continuer la lecture <span class=\"meta-nav\">&rarr;<\/span><\/a><\/p>\n","protected":false},"author":1,"featured_media":0,"parent":0,"menu_order":0,"comment_status":"closed","ping_status":"closed","template":"","meta":{"jetpack_post_was_ever_published":false,"footnotes":""},"class_list":["post-5553","page","type-page","status-publish","hentry"],"jetpack_sharing_enabled":true,"jetpack_shortlink":"https:\/\/wp.me\/P5jjt5-1rz","_links":{"self":[{"href":"https:\/\/claire-jannot.com\/index.php?rest_route=\/wp\/v2\/pages\/5553","targetHints":{"allow":["GET"]}}],"collection":[{"href":"https:\/\/claire-jannot.com\/index.php?rest_route=\/wp\/v2\/pages"}],"about":[{"href":"https:\/\/claire-jannot.com\/index.php?rest_route=\/wp\/v2\/types\/page"}],"author":[{"embeddable":true,"href":"https:\/\/claire-jannot.com\/index.php?rest_route=\/wp\/v2\/users\/1"}],"replies":[{"embeddable":true,"href":"https:\/\/claire-jannot.com\/index.php?rest_route=%2Fwp%2Fv2%2Fcomments&post=5553"}],"version-history":[{"count":42,"href":"https:\/\/claire-jannot.com\/index.php?rest_route=\/wp\/v2\/pages\/5553\/revisions"}],"predecessor-version":[{"id":7781,"href":"https:\/\/claire-jannot.com\/index.php?rest_route=\/wp\/v2\/pages\/5553\/revisions\/7781"}],"wp:attachment":[{"href":"https:\/\/claire-jannot.com\/index.php?rest_route=%2Fwp%2Fv2%2Fmedia&parent=5553"}],"curies":[{"name":"wp","href":"https:\/\/api.w.org\/{rel}","templated":true}]}}